{"id":3768,"date":"2024-11-27T13:53:54","date_gmt":"2024-11-27T11:53:54","guid":{"rendered":"https:\/\/stratcom.md\/public-information-space\/"},"modified":"2026-03-20T16:31:00","modified_gmt":"2026-03-20T14:31:00","slug":"public-information-space","status":"publish","type":"page","link":"https:\/\/stratcom.md\/en\/public-information-space\/","title":{"rendered":"Public information space"},"content":{"rendered":"\t\t<div data-elementor-type=\"wp-page\" data-elementor-id=\"3768\" class=\"elementor elementor-3768 elementor-1193\" data-elementor-post-type=\"page\">\n\t\t\t\t<div class=\"elementor-element elementor-element-147d2df e-con-full e-flex e-con e-parent\" data-id=\"147d2df\" data-element_type=\"container\" data-e-type=\"container\" data-settings=\"{&quot;background_background&quot;:&quot;classic&quot;}\">\n\t\t<div class=\"elementor-element elementor-element-0e1dbe5 e-con-full e-flex e-con e-child\" data-id=\"0e1dbe5\" data-element_type=\"container\" data-e-type=\"container\" data-settings=\"{&quot;background_background&quot;:&quot;classic&quot;}\">\n\t\t<div class=\"elementor-element elementor-element-d26cd1d e-con-full e-flex e-con e-child\" data-id=\"d26cd1d\" data-element_type=\"container\" data-e-type=\"container\" data-settings=\"{&quot;background_background&quot;:&quot;classic&quot;}\">\n\t\t\t\t<\/div>\n\t\t\t\t<\/div>\n\t\t\t\t<\/div>\n\t\t<div class=\"elementor-element elementor-element-2951d9d e-flex e-con-boxed e-con e-parent\" data-id=\"2951d9d\" data-element_type=\"container\" data-e-type=\"container\" data-settings=\"{&quot;background_background&quot;:&quot;classic&quot;}\">\n\t\t\t\t\t<div class=\"e-con-inner\">\n\t\t<div class=\"elementor-element elementor-element-959f6b1 e-grid e-con-boxed e-con e-child\" data-id=\"959f6b1\" data-element_type=\"container\" data-e-type=\"container\">\n\t\t\t\t\t<div class=\"e-con-inner\">\n\t\t\t\t<div class=\"elementor-element elementor-element-b194de5 elementor-view-default elementor-position-block-start elementor-mobile-position-block-start elementor-widget elementor-widget-icon-box\" data-id=\"b194de5\" data-element_type=\"widget\" data-e-type=\"widget\" data-widget_type=\"icon-box.default\">\n\t\t\t\t\t\t\t<div class=\"elementor-icon-box-wrapper\">\n\n\t\t\t\t\t\t<div class=\"elementor-icon-box-icon\">\n\t\t\t\t<span  class=\"elementor-icon\">\n\t\t\t\t<svg aria-hidden=\"true\" class=\"e-font-icon-svg e-far-lightbulb\" viewBox=\"0 0 352 512\" xmlns=\"http:\/\/www.w3.org\/2000\/svg\"><path d=\"M176 80c-52.94 0-96 43.06-96 96 0 8.84 7.16 16 16 16s16-7.16 16-16c0-35.3 28.72-64 64-64 8.84 0 16-7.16 16-16s-7.16-16-16-16zM96.06 459.17c0 3.15.93 6.22 2.68 8.84l24.51 36.84c2.97 4.46 7.97 7.14 13.32 7.14h78.85c5.36 0 10.36-2.68 13.32-7.14l24.51-36.84c1.74-2.62 2.67-5.7 2.68-8.84l.05-43.18H96.02l.04 43.18zM176 0C73.72 0 0 82.97 0 176c0 44.37 16.45 84.85 43.56 115.78 16.64 18.99 42.74 58.8 52.42 92.16v.06h48v-.12c-.01-4.77-.72-9.51-2.15-14.07-5.59-17.81-22.82-64.77-62.17-109.67-20.54-23.43-31.52-53.15-31.61-84.14-.2-73.64 59.67-128 127.95-128 70.58 0 128 57.42 128 128 0 30.97-11.24 60.85-31.65 84.14-39.11 44.61-56.42 91.47-62.1 109.46a47.507 47.507 0 0 0-2.22 14.3v.1h48v-.05c9.68-33.37 35.78-73.18 52.42-92.16C335.55 260.85 352 220.37 352 176 352 78.8 273.2 0 176 0z\"><\/path><\/svg>\t\t\t\t<\/span>\n\t\t\t<\/div>\n\t\t\t\n\t\t\t\t\t\t<div class=\"elementor-icon-box-content\">\n\n\t\t\t\t\t\t\t\t\t<h3 class=\"elementor-icon-box-title\">\n\t\t\t\t\t\t<span  >\n\t\t\t\t\t\t\tWhat does information space mean?\t\t\t\t\t\t<\/span>\n\t\t\t\t\t<\/h3>\n\t\t\t\t\n\t\t\t\t\n\t\t\t<\/div>\n\t\t\t\n\t\t<\/div>\n\t\t\t\t\t\t<\/div>\n\t\t\t\t<div class=\"elementor-element elementor-element-133154c elementor-view-default elementor-position-block-start elementor-mobile-position-block-start elementor-widget elementor-widget-icon-box\" data-id=\"133154c\" data-element_type=\"widget\" data-e-type=\"widget\" data-widget_type=\"icon-box.default\">\n\t\t\t\t\t\t\t<div class=\"elementor-icon-box-wrapper\">\n\n\t\t\t\t\t\t<div class=\"elementor-icon-box-icon\">\n\t\t\t\t<span  class=\"elementor-icon\">\n\t\t\t\t<svg aria-hidden=\"true\" class=\"e-font-icon-svg e-far-lightbulb\" viewBox=\"0 0 352 512\" xmlns=\"http:\/\/www.w3.org\/2000\/svg\"><path d=\"M176 80c-52.94 0-96 43.06-96 96 0 8.84 7.16 16 16 16s16-7.16 16-16c0-35.3 28.72-64 64-64 8.84 0 16-7.16 16-16s-7.16-16-16-16zM96.06 459.17c0 3.15.93 6.22 2.68 8.84l24.51 36.84c2.97 4.46 7.97 7.14 13.32 7.14h78.85c5.36 0 10.36-2.68 13.32-7.14l24.51-36.84c1.74-2.62 2.67-5.7 2.68-8.84l.05-43.18H96.02l.04 43.18zM176 0C73.72 0 0 82.97 0 176c0 44.37 16.45 84.85 43.56 115.78 16.64 18.99 42.74 58.8 52.42 92.16v.06h48v-.12c-.01-4.77-.72-9.51-2.15-14.07-5.59-17.81-22.82-64.77-62.17-109.67-20.54-23.43-31.52-53.15-31.61-84.14-.2-73.64 59.67-128 127.95-128 70.58 0 128 57.42 128 128 0 30.97-11.24 60.85-31.65 84.14-39.11 44.61-56.42 91.47-62.1 109.46a47.507 47.507 0 0 0-2.22 14.3v.1h48v-.05c9.68-33.37 35.78-73.18 52.42-92.16C335.55 260.85 352 220.37 352 176 352 78.8 273.2 0 176 0z\"><\/path><\/svg>\t\t\t\t<\/span>\n\t\t\t<\/div>\n\t\t\t\n\t\t\t\t\t\t<div class=\"elementor-icon-box-content\">\n\n\t\t\t\t\t\t\t\t\t<h3 class=\"elementor-icon-box-title\">\n\t\t\t\t\t\t<span  >\n\t\t\t\t\t\t\tChallenges of the information space in Moldova?\t\t\t\t\t\t<\/span>\n\t\t\t\t\t<\/h3>\n\t\t\t\t\n\t\t\t\t\n\t\t\t<\/div>\n\t\t\t\n\t\t<\/div>\n\t\t\t\t\t\t<\/div>\n\t\t\t\t<div class=\"elementor-element elementor-element-61b1efa elementor-view-default elementor-position-block-start elementor-mobile-position-block-start elementor-widget elementor-widget-icon-box\" data-id=\"61b1efa\" data-element_type=\"widget\" data-e-type=\"widget\" data-widget_type=\"icon-box.default\">\n\t\t\t\t\t\t\t<div class=\"elementor-icon-box-wrapper\">\n\n\t\t\t\t\t\t<div class=\"elementor-icon-box-icon\">\n\t\t\t\t<span  class=\"elementor-icon\">\n\t\t\t\t<svg aria-hidden=\"true\" class=\"e-font-icon-svg e-far-lightbulb\" viewBox=\"0 0 352 512\" xmlns=\"http:\/\/www.w3.org\/2000\/svg\"><path d=\"M176 80c-52.94 0-96 43.06-96 96 0 8.84 7.16 16 16 16s16-7.16 16-16c0-35.3 28.72-64 64-64 8.84 0 16-7.16 16-16s-7.16-16-16-16zM96.06 459.17c0 3.15.93 6.22 2.68 8.84l24.51 36.84c2.97 4.46 7.97 7.14 13.32 7.14h78.85c5.36 0 10.36-2.68 13.32-7.14l24.51-36.84c1.74-2.62 2.67-5.7 2.68-8.84l.05-43.18H96.02l.04 43.18zM176 0C73.72 0 0 82.97 0 176c0 44.37 16.45 84.85 43.56 115.78 16.64 18.99 42.74 58.8 52.42 92.16v.06h48v-.12c-.01-4.77-.72-9.51-2.15-14.07-5.59-17.81-22.82-64.77-62.17-109.67-20.54-23.43-31.52-53.15-31.61-84.14-.2-73.64 59.67-128 127.95-128 70.58 0 128 57.42 128 128 0 30.97-11.24 60.85-31.65 84.14-39.11 44.61-56.42 91.47-62.1 109.46a47.507 47.507 0 0 0-2.22 14.3v.1h48v-.05c9.68-33.37 35.78-73.18 52.42-92.16C335.55 260.85 352 220.37 352 176 352 78.8 273.2 0 176 0z\"><\/path><\/svg>\t\t\t\t<\/span>\n\t\t\t<\/div>\n\t\t\t\n\t\t\t\t\t\t<div class=\"elementor-icon-box-content\">\n\n\t\t\t\t\t\t\t\t\t<h3 class=\"elementor-icon-box-title\">\n\t\t\t\t\t\t<span  >\n\t\t\t\t\t\t\tBuilding information resilience: the key role of the Centre?\t\t\t\t\t\t<\/span>\n\t\t\t\t\t<\/h3>\n\t\t\t\t\n\t\t\t\t\n\t\t\t<\/div>\n\t\t\t\n\t\t<\/div>\n\t\t\t\t\t\t<\/div>\n\t\t\t\t\t<\/div>\n\t\t\t\t<\/div>\n\t\t<div class=\"elementor-element elementor-element-1e1b25f e-grid e-con-boxed e-con e-child\" data-id=\"1e1b25f\" data-element_type=\"container\" data-e-type=\"container\">\n\t\t\t\t\t<div class=\"e-con-inner\">\n\t\t\t\t<div class=\"elementor-element elementor-element-ccddde0 elementor-invisible elementor-widget elementor-widget-text-editor\" data-id=\"ccddde0\" data-element_type=\"widget\" data-e-type=\"widget\" data-settings=\"{&quot;_animation&quot;:&quot;fadeIn&quot;}\" data-widget_type=\"text-editor.default\">\n\t\t\t\t\t\t\t\t\t<p>The information space represents a set of platforms through which citizens receive and distribute information. It includes traditional media, social networks, digital platforms, as well as public dialogues. . In a democratic society, a healthy information space is characterised by transparency, accuracy of information and diversity of opinions. However, when this space is polluted by manipulation, democracy, economic stability and social cohesion are threatened.<\/p>\t\t\t\t\t\t\t\t<\/div>\n\t\t\t\t<div class=\"elementor-element elementor-element-0703410 elementor-invisible elementor-widget elementor-widget-text-editor\" data-id=\"0703410\" data-element_type=\"widget\" data-e-type=\"widget\" data-settings=\"{&quot;_animation&quot;:&quot;fadeIn&quot;}\" data-widget_type=\"text-editor.default\">\n\t\t\t\t\t\t\t\t\t<p>The Republic of Moldova faces major challenges in this area. External actors, especially the Russian Federation, massively use multiple manipulation tactics to influence citizens&#8217; perceptions, with the aim of weakening trust in state institutions and undermining the country&#8217;s democratic and European path. The erosion of national unity is a permanent target of information attacks as well.<\/p>\t\t\t\t\t\t\t\t<\/div>\n\t\t\t\t<div class=\"elementor-element elementor-element-ce68576 elementor-invisible elementor-widget elementor-widget-text-editor\" data-id=\"ce68576\" data-element_type=\"widget\" data-e-type=\"widget\" data-settings=\"{&quot;_animation&quot;:&quot;fadeIn&quot;}\" data-widget_type=\"text-editor.default\">\n\t\t\t\t\t\t\t\t\t<p>To address these threats, the Centre takes a proactive and strategic approach. Building information resilience means not only reacting to manipulations, but also reinforcing society&#8217;s capacity to resist these attacks, by identifying vulnerabilities and developing communication strategies that deal with them directly.<\/p>\t\t\t\t\t\t\t\t<\/div>\n\t\t\t\t\t<\/div>\n\t\t\t\t<\/div>\n\t\t\t\t\t<\/div>\n\t\t\t\t<\/div>\n\t\t<div class=\"elementor-element elementor-element-2f9168b e-flex e-con-boxed e-con e-parent\" data-id=\"2f9168b\" data-element_type=\"container\" data-e-type=\"container\">\n\t\t\t\t\t<div class=\"e-con-inner\">\n\t\t<div class=\"elementor-element elementor-element-d3b993f e-con-full e-flex elementor-invisible e-con e-child\" data-id=\"d3b993f\" data-element_type=\"container\" data-e-type=\"container\" data-settings=\"{&quot;animation&quot;:&quot;fadeInLeft&quot;}\">\n\t\t\t\t<div class=\"elementor-element elementor-element-418d4cb elementor-invisible elementor-widget elementor-widget-text-editor\" data-id=\"418d4cb\" data-element_type=\"widget\" data-e-type=\"widget\" data-settings=\"{&quot;_animation&quot;:&quot;fadeIn&quot;}\" data-widget_type=\"text-editor.default\">\n\t\t\t\t\t\t\t\t\t<p>\u00centr-un context global \u0219i regional complex, spa\u021biul informa\u021bional al Moldovei reprezint\u0103 un c\u00e2mp de lupt\u0103 pentru influen\u021b\u0103. In a complex global and regional context, Moldova&#8217;s information space represents a battlefield for influence. Maintaining a safe and healthy information space is imperative for protecting democracy, ensuring economic stability, and supporting the country&#8217;s strategic objectives.<\/p>\t\t\t\t\t\t\t\t<\/div>\n\t\t\t\t<\/div>\n\t\t<div class=\"elementor-element elementor-element-3604e59 e-con-full e-flex elementor-invisible e-con e-child\" data-id=\"3604e59\" data-element_type=\"container\" data-e-type=\"container\" data-settings=\"{&quot;animation&quot;:&quot;fadeInRight&quot;}\">\n\t\t\t\t<div class=\"elementor-element elementor-element-b399d9c elementor-invisible elementor-widget elementor-widget-text-editor\" data-id=\"b399d9c\" data-element_type=\"widget\" data-e-type=\"widget\" data-settings=\"{&quot;_animation&quot;:&quot;fadeIn&quot;}\" data-widget_type=\"text-editor.default\">\n\t\t\t\t\t\t\t\t\t<p>The Centre plays a vital role in protecting this space and in building a well-informed, united and resilient society, capable of facing hybrid challenges. By prioritising strategic communication and creating cooperation mechanisms, it contributes to effectively countering malign influences.<\/p>\t\t\t\t\t\t\t\t<\/div>\n\t\t\t\t<\/div>\n\t\t\t\t\t<\/div>\n\t\t\t\t<\/div>\n\t\t\t\t<\/div>\n\t\t","protected":false},"excerpt":{"rendered":"<p>What does information space mean? Challenges of the information space in Moldova? Building information resilience: the key role of the Centre? The information space represents a set of platforms through which citizens receive and distribute information. It includes traditional media, social networks, digital platforms, as well as public dialogues. . In a democratic society, a [&hellip;]<\/p>\n","protected":false},"author":1,"featured_media":0,"parent":0,"menu_order":0,"comment_status":"closed","ping_status":"closed","template":"","meta":{"footnotes":""},"class_list":["post-3768","page","type-page","status-publish","hentry"],"yoast_head":"<!-- This site is optimized with the Yoast SEO plugin v27.3 - https:\/\/yoast.com\/product\/yoast-seo-wordpress\/ -->\n<title>Public information space - STRATCOM<\/title>\n<meta name=\"robots\" content=\"index, follow, max-snippet:-1, max-image-preview:large, max-video-preview:-1\" \/>\n<link rel=\"canonical\" href=\"https:\/\/stratcom.md\/en\/public-information-space\/\" \/>\n<meta property=\"og:locale\" content=\"en_US\" \/>\n<meta property=\"og:type\" content=\"article\" \/>\n<meta property=\"og:title\" content=\"Public information space - STRATCOM\" \/>\n<meta property=\"og:description\" content=\"What does information space mean? Challenges of the information space in Moldova? Building information resilience: the key role of the Centre? The information space represents a set of platforms through which citizens receive and distribute information. It includes traditional media, social networks, digital platforms, as well as public dialogues. . In a democratic society, a [&hellip;]\" \/>\n<meta property=\"og:url\" content=\"https:\/\/stratcom.md\/en\/public-information-space\/\" \/>\n<meta property=\"og:site_name\" content=\"STRATCOM\" \/>\n<meta property=\"article:modified_time\" content=\"2026-03-20T14:31:00+00:00\" \/>\n<meta name=\"twitter:card\" content=\"summary_large_image\" \/>\n<meta name=\"twitter:label1\" content=\"Est. reading time\" \/>\n\t<meta name=\"twitter:data1\" content=\"2 minutes\" \/>\n<script type=\"application\/ld+json\" class=\"yoast-schema-graph\">{\"@context\":\"https:\\\/\\\/schema.org\",\"@graph\":[{\"@type\":\"WebPage\",\"@id\":\"https:\\\/\\\/stratcom.md\\\/en\\\/public-information-space\\\/\",\"url\":\"https:\\\/\\\/stratcom.md\\\/en\\\/public-information-space\\\/\",\"name\":\"Public information space - STRATCOM\",\"isPartOf\":{\"@id\":\"https:\\\/\\\/stratcom.md\\\/en\\\/#website\"},\"datePublished\":\"2024-11-27T11:53:54+00:00\",\"dateModified\":\"2026-03-20T14:31:00+00:00\",\"breadcrumb\":{\"@id\":\"https:\\\/\\\/stratcom.md\\\/en\\\/public-information-space\\\/#breadcrumb\"},\"inLanguage\":\"en-US\",\"potentialAction\":[{\"@type\":\"ReadAction\",\"target\":[\"https:\\\/\\\/stratcom.md\\\/en\\\/public-information-space\\\/\"]}]},{\"@type\":\"BreadcrumbList\",\"@id\":\"https:\\\/\\\/stratcom.md\\\/en\\\/public-information-space\\\/#breadcrumb\",\"itemListElement\":[{\"@type\":\"ListItem\",\"position\":1,\"name\":\"Home\",\"item\":\"https:\\\/\\\/stratcom.md\\\/en\\\/\"},{\"@type\":\"ListItem\",\"position\":2,\"name\":\"Public information space\"}]},{\"@type\":\"WebSite\",\"@id\":\"https:\\\/\\\/stratcom.md\\\/en\\\/#website\",\"url\":\"https:\\\/\\\/stratcom.md\\\/en\\\/\",\"name\":\"STRATCOM\",\"description\":\"\",\"publisher\":{\"@id\":\"https:\\\/\\\/stratcom.md\\\/en\\\/#organization\"},\"potentialAction\":[{\"@type\":\"SearchAction\",\"target\":{\"@type\":\"EntryPoint\",\"urlTemplate\":\"https:\\\/\\\/stratcom.md\\\/en\\\/?s={search_term_string}\"},\"query-input\":{\"@type\":\"PropertyValueSpecification\",\"valueRequired\":true,\"valueName\":\"search_term_string\"}}],\"inLanguage\":\"en-US\"},{\"@type\":\"Organization\",\"@id\":\"https:\\\/\\\/stratcom.md\\\/en\\\/#organization\",\"name\":\"Centrul pentru Comunicare Strategic\u0103 \u0219i Contracarare a Dezinform\u0103rii\",\"url\":\"https:\\\/\\\/stratcom.md\\\/en\\\/\",\"logo\":{\"@type\":\"ImageObject\",\"inLanguage\":\"en-US\",\"@id\":\"https:\\\/\\\/stratcom.md\\\/en\\\/#\\\/schema\\\/logo\\\/image\\\/\",\"url\":\"https:\\\/\\\/stratcom.md\\\/wp-content\\\/uploads\\\/2024\\\/12\\\/cropped-logo-startcom-august-2025.png\",\"contentUrl\":\"https:\\\/\\\/stratcom.md\\\/wp-content\\\/uploads\\\/2024\\\/12\\\/cropped-logo-startcom-august-2025.png\",\"width\":1224,\"height\":340,\"caption\":\"Centrul pentru Comunicare Strategic\u0103 \u0219i Contracarare a Dezinform\u0103rii\"},\"image\":{\"@id\":\"https:\\\/\\\/stratcom.md\\\/en\\\/#\\\/schema\\\/logo\\\/image\\\/\"}}]}<\/script>\n<!-- \/ Yoast SEO plugin. -->","yoast_head_json":{"title":"Public information space - STRATCOM","robots":{"index":"index","follow":"follow","max-snippet":"max-snippet:-1","max-image-preview":"max-image-preview:large","max-video-preview":"max-video-preview:-1"},"canonical":"https:\/\/stratcom.md\/en\/public-information-space\/","og_locale":"en_US","og_type":"article","og_title":"Public information space - STRATCOM","og_description":"What does information space mean? Challenges of the information space in Moldova? Building information resilience: the key role of the Centre? The information space represents a set of platforms through which citizens receive and distribute information. It includes traditional media, social networks, digital platforms, as well as public dialogues. . In a democratic society, a [&hellip;]","og_url":"https:\/\/stratcom.md\/en\/public-information-space\/","og_site_name":"STRATCOM","article_modified_time":"2026-03-20T14:31:00+00:00","twitter_card":"summary_large_image","twitter_misc":{"Est. reading time":"2 minutes"},"schema":{"@context":"https:\/\/schema.org","@graph":[{"@type":"WebPage","@id":"https:\/\/stratcom.md\/en\/public-information-space\/","url":"https:\/\/stratcom.md\/en\/public-information-space\/","name":"Public information space - STRATCOM","isPartOf":{"@id":"https:\/\/stratcom.md\/en\/#website"},"datePublished":"2024-11-27T11:53:54+00:00","dateModified":"2026-03-20T14:31:00+00:00","breadcrumb":{"@id":"https:\/\/stratcom.md\/en\/public-information-space\/#breadcrumb"},"inLanguage":"en-US","potentialAction":[{"@type":"ReadAction","target":["https:\/\/stratcom.md\/en\/public-information-space\/"]}]},{"@type":"BreadcrumbList","@id":"https:\/\/stratcom.md\/en\/public-information-space\/#breadcrumb","itemListElement":[{"@type":"ListItem","position":1,"name":"Home","item":"https:\/\/stratcom.md\/en\/"},{"@type":"ListItem","position":2,"name":"Public information space"}]},{"@type":"WebSite","@id":"https:\/\/stratcom.md\/en\/#website","url":"https:\/\/stratcom.md\/en\/","name":"STRATCOM","description":"","publisher":{"@id":"https:\/\/stratcom.md\/en\/#organization"},"potentialAction":[{"@type":"SearchAction","target":{"@type":"EntryPoint","urlTemplate":"https:\/\/stratcom.md\/en\/?s={search_term_string}"},"query-input":{"@type":"PropertyValueSpecification","valueRequired":true,"valueName":"search_term_string"}}],"inLanguage":"en-US"},{"@type":"Organization","@id":"https:\/\/stratcom.md\/en\/#organization","name":"Centrul pentru Comunicare Strategic\u0103 \u0219i Contracarare a Dezinform\u0103rii","url":"https:\/\/stratcom.md\/en\/","logo":{"@type":"ImageObject","inLanguage":"en-US","@id":"https:\/\/stratcom.md\/en\/#\/schema\/logo\/image\/","url":"https:\/\/stratcom.md\/wp-content\/uploads\/2024\/12\/cropped-logo-startcom-august-2025.png","contentUrl":"https:\/\/stratcom.md\/wp-content\/uploads\/2024\/12\/cropped-logo-startcom-august-2025.png","width":1224,"height":340,"caption":"Centrul pentru Comunicare Strategic\u0103 \u0219i Contracarare a Dezinform\u0103rii"},"image":{"@id":"https:\/\/stratcom.md\/en\/#\/schema\/logo\/image\/"}}]}},"_links":{"self":[{"href":"https:\/\/stratcom.md\/en\/wp-json\/wp\/v2\/pages\/3768","targetHints":{"allow":["GET"]}}],"collection":[{"href":"https:\/\/stratcom.md\/en\/wp-json\/wp\/v2\/pages"}],"about":[{"href":"https:\/\/stratcom.md\/en\/wp-json\/wp\/v2\/types\/page"}],"author":[{"embeddable":true,"href":"https:\/\/stratcom.md\/en\/wp-json\/wp\/v2\/users\/1"}],"replies":[{"embeddable":true,"href":"https:\/\/stratcom.md\/en\/wp-json\/wp\/v2\/comments?post=3768"}],"version-history":[{"count":7,"href":"https:\/\/stratcom.md\/en\/wp-json\/wp\/v2\/pages\/3768\/revisions"}],"predecessor-version":[{"id":3822,"href":"https:\/\/stratcom.md\/en\/wp-json\/wp\/v2\/pages\/3768\/revisions\/3822"}],"wp:attachment":[{"href":"https:\/\/stratcom.md\/en\/wp-json\/wp\/v2\/media?parent=3768"}],"curies":[{"name":"wp","href":"https:\/\/api.w.org\/{rel}","templated":true}]}}